{"id":446,"date":"2022-08-23T12:30:55","date_gmt":"2022-08-23T10:30:55","guid":{"rendered":"https:\/\/miranda-staging.movingfries.com\/bio\/"},"modified":"2022-10-06T20:33:01","modified_gmt":"2022-10-06T18:33:01","slug":"bio","status":"publish","type":"page","link":"https:\/\/miranda-ummels.com\/de\/bio\/","title":{"rendered":"Bio"},"content":{"rendered":"\n<h1>Die Geburt einer Leidenschaft<\/h1>\n\n<p>Miranda wurde in Maastricht geboren und ist mit Musik aufgewachsen. Wenn sie \u00fcber Musik spricht, bekommt sie leuchtende Augen. <\/p>\n\n<p>Diese Leidenschaft hat sie von ihrem Vater, einem S\u00e4nger und Musiker, geerbt. Und diese verzehrende Leidenschaft wird zu ihrem ganzen Leben. Rock, Pop, Country, Blues, Soul\u2026..haben Ihr erm\u00f6glicht, bei zahlreichen Begegnungen ein vielf\u00e4ltiges Publikum zu treffen.<\/p>\n\n<p>Im Alter von 17 Jahren schlie\u00dft sie sich einer Pop-Rock-Band an. Parallel dazu nahm sie Gesangsunterricht bei einem Lyrikgesangslehrer, um ihr gesamtes Stimmregister zu schulen, und nahm Klavierunterricht. <\/p>\n\n<p>Sehr schnell, von Ihrer echten Leidenschaft angetrieben, beginnt Sie Ihre erste Auftritte in Belgien, aber bald auch in Deutschland und anderen Nachbarl\u00e4ndern.<\/p>\n\n<p>Im Alter von 23 Jahren tourt sie mit Atilla Sereftug, dem Komponisten des von C\u00e9line Dion gesungenen Eurovisionssiegers von 1988, &#8218;Ne partez pas sans moi&#8216;, durch die Schweiz. Atilla nimmt selbst ein Album auf und bittet Miranda, den Chor zu \u00fcbernehmen. <\/p>\n\n<p>Danach blieb sie zehn Jahre lang ihrer Band High Voltage treu, mit der sie die gro\u00dfen Pop-, Soul-, Rock-, Disco- und Funkstandards Revue passieren lie\u00df. <\/p>\n\n<p>2003 verlie\u00df sie die Band, um sich als freiberufliche S\u00e4ngerin selbstst\u00e4ndig zu machen, und lieh ihre Stimme Duos, Trios, aber auch viel gr\u00f6\u00dferen Bands in Deutschland und den Niederlanden.<\/p>\n\n<p>Drei Jahre sp\u00e4ter schloss sie sich ihrer in Deutschland bereits bekannten Band Nightlife an, mit der sie immer noch zusammenarbeitet.<\/p>\n\n<h1>Heute<\/h1>\n\n<p>Nun geht Sie auch in die Richtung eines Soloprojektes. Dort kann man sie pers\u00f6nlicher und durch Coverversionen kennenlernen, die sie so lebendig macht, dass sie mit den Originalen verwechselt werden k\u00f6nnen.<\/p>\n\n<p>Die Idee, in die Haut von sehr bekannten S\u00e4ngerinnen zu schl\u00fcpfen, kam, um den Look zu sichern, und dank ihres gro\u00dfen Stimmumfangs interpretiert sie S\u00e4ngerinnen wie Tina Turner, Amy Winehouse und Lady Gaga (angeregt durch den Film A star is born) mit einer \u00fcberbordenden Energie. Die Energie, die man braucht! <\/p>\n\n<p>Sie ist auch weiterhin von anderen Str\u00f6mungen beeinflusst, zuletzt von Dalida, deren Repertoire es ihr erlaubt, andere musikalische Welten zu erkunden, und in der auch ihre Offenheit f\u00fcr lateinische Sprachen und intimere Register zum Ausdruck kommt.<\/p>\n\n<p>Eine Reise durch das Spektrum der Emotionen, eine au\u00dfergew\u00f6hnliche Energie, die allen Liedern, die sie interpretiert, eine neue Farbe verleiht, Miranda bietet der Musik eine neue Farbe. Von einer Note zur anderen f\u00e4rbt ihre warme und kr\u00e4ftige Stimme die Standards und Hits, die sie mit einem begeisterten Publikum teilt&#8230;..<\/p>\n\n<p>Ihr Repertoire umfasst mehrere hundert Titel.<\/p>\n\n<p>Sie verleiht ausnahmslos jedem ihrer Lieder eine neue Pers\u00f6nlichkeit, zweifellos ihre eigene! Ein bisschen, viel, leidenschaftlich&#8230;<\/p>\n<div id=\"testimonial-block_6304ed715bdb0\" class=\"testimonial\">\r\n    \r\n    <div class=\"container\">\r\n        <div class=\"testimonial-image\">\r\n            <img width=\"629\" height=\"526\" src=\"https:\/\/miranda-ummels.com\/wp-content\/uploads\/2022\/08\/miranda_bio.png\" class=\"attachment-full size-full\" alt=\"\" decoding=\"async\" loading=\"lazy\" srcset=\"https:\/\/miranda-ummels.com\/wp-content\/uploads\/2022\/08\/miranda_bio.png 629w, https:\/\/miranda-ummels.com\/wp-content\/uploads\/2022\/08\/miranda_bio-300x251.png 300w\" sizes=\"(max-width: 629px) 100vw, 629px\" \/>        <\/div>\r\n\r\n        <blockquote class=\"testimonial-blockquote\">\r\n            <span class=\"testimonial-text\">Auf der B\u00fchne bin ich in meinem Element, der Gesang spiegelt deinen Gem\u00fctszustand wider und reinigt ihn gleichzeitig. Es ist eine der besten Therapien, um neue Energie zu tanken. Viel sp\u00e4ter entdeckte ich, dass die B\u00fchne mein Zufluchtsort ist, wo ich mich von allen Lasten befreien kann, wo ich selbst sein kann, wo ich mich ausdr\u00fccken kann, wo meine tiefsten Gef\u00fchle in Form von Liedern herauskommen.<br \/>\r\n<br \/>\r\nMusik ist mein Leben und ich liebe es, dieses Gl\u00fcck mit anderen zu teilen.<\/span>\r\n        <\/blockquote>\r\n    <\/div>\r\n\r\n    <style type=\"text\/css\">\r\n        #testimonial-block_6304ed715bdb0 {\r\n            background: ;\r\n            color: ;\r\n        }\r\n    <\/style>\r\n<\/div>","protected":false},"excerpt":{"rendered":"<p>Die Geburt einer Leidenschaft Miranda wurde in Maastricht geboren und ist mit Musik aufgewachsen. Wenn sie \u00fcber Musik spricht, bekommt sie leuchtende Augen. Diese Leidenschaft hat sie von ihrem Vater, einem S\u00e4nger und Musiker, geerbt. Und diese verzehrende Leidenschaft wird zu ihrem ganzen Leben. Rock, Pop, Country, Blues, Soul\u2026..haben Ihr erm\u00f6glicht, bei zahlreichen Begegnungen ein [&hellip;]<\/p>\n","protected":false},"author":1,"featured_media":0,"parent":0,"menu_order":0,"comment_status":"closed","ping_status":"closed","template":"","meta":[],"folder":[],"acf":[],"yoast_head":"<!-- This site is optimized with the Yoast SEO plugin v19.9 - https:\/\/yoast.com\/wordpress\/plugins\/seo\/ -->\n<title>Bio - Miranda<\/title>\n<meta name=\"description\" content=\"Miranda wurde in Maastricht geboren und ist mit Musik aufgewachsen. Wenn sie \u00fcber Musik spricht, bekommt sie leuchtende Augen.\" \/>\n<meta name=\"robots\" content=\"index, follow, max-snippet:-1, max-image-preview:large, max-video-preview:-1\" \/>\n<link rel=\"canonical\" href=\"https:\/\/miranda-ummels.com\/de\/bio\/\" \/>\n<meta property=\"og:locale\" content=\"de_DE\" \/>\n<meta property=\"og:type\" content=\"article\" \/>\n<meta property=\"og:title\" content=\"Bio - Miranda\" \/>\n<meta property=\"og:description\" content=\"Miranda wurde in Maastricht geboren und ist mit Musik aufgewachsen. Wenn sie \u00fcber Musik spricht, bekommt sie leuchtende Augen.\" \/>\n<meta property=\"og:url\" content=\"https:\/\/miranda-ummels.com\/de\/bio\/\" \/>\n<meta property=\"og:site_name\" content=\"Miranda\" \/>\n<meta property=\"article:publisher\" content=\"https:\/\/www.facebook.com\/miranda.ummels\" \/>\n<meta property=\"article:modified_time\" content=\"2022-10-06T18:33:01+00:00\" \/>\n<meta name=\"twitter:card\" content=\"summary_large_image\" \/>\n<meta name=\"twitter:label1\" content=\"Gesch\u00e4tzte Lesezeit\" \/>\n\t<meta name=\"twitter:data1\" content=\"2 Minuten\" \/>\n<script type=\"application\/ld+json\" class=\"yoast-schema-graph\">{\"@context\":\"https:\/\/schema.org\",\"@graph\":[{\"@type\":\"WebPage\",\"@id\":\"https:\/\/miranda-ummels.com\/de\/bio\/\",\"url\":\"https:\/\/miranda-ummels.com\/de\/bio\/\",\"name\":\"Bio - Miranda\",\"isPartOf\":{\"@id\":\"https:\/\/miranda-ummels.com\/de\/#website\"},\"datePublished\":\"2022-08-23T10:30:55+00:00\",\"dateModified\":\"2022-10-06T18:33:01+00:00\",\"description\":\"Miranda wurde in Maastricht geboren und ist mit Musik aufgewachsen. Wenn sie \u00fcber Musik spricht, bekommt sie leuchtende Augen.\",\"breadcrumb\":{\"@id\":\"https:\/\/miranda-ummels.com\/de\/bio\/#breadcrumb\"},\"inLanguage\":\"de-DE\",\"potentialAction\":[{\"@type\":\"ReadAction\",\"target\":[\"https:\/\/miranda-ummels.com\/de\/bio\/\"]}]},{\"@type\":\"BreadcrumbList\",\"@id\":\"https:\/\/miranda-ummels.com\/de\/bio\/#breadcrumb\",\"itemListElement\":[{\"@type\":\"ListItem\",\"position\":1,\"name\":\"Home\",\"item\":\"https:\/\/miranda-ummels.com\/de\/\"},{\"@type\":\"ListItem\",\"position\":2,\"name\":\"Bio\"}]},{\"@type\":\"WebSite\",\"@id\":\"https:\/\/miranda-ummels.com\/de\/#website\",\"url\":\"https:\/\/miranda-ummels.com\/de\/\",\"name\":\"Miranda\",\"description\":\"Lassen Sie Live-Musik zu Ihrem Highlight werden\",\"publisher\":{\"@id\":\"https:\/\/miranda-ummels.com\/de\/#\/schema\/person\/39edd93da7aff7dc61dc5e79c582451e\"},\"potentialAction\":[{\"@type\":\"SearchAction\",\"target\":{\"@type\":\"EntryPoint\",\"urlTemplate\":\"https:\/\/miranda-ummels.com\/de\/?s={search_term_string}\"},\"query-input\":\"required name=search_term_string\"}],\"inLanguage\":\"de-DE\"},{\"@type\":[\"Person\",\"Organization\"],\"@id\":\"https:\/\/miranda-ummels.com\/de\/#\/schema\/person\/39edd93da7aff7dc61dc5e79c582451e\",\"name\":\"Miranda Ummels\",\"image\":{\"@type\":\"ImageObject\",\"inLanguage\":\"de-DE\",\"@id\":\"https:\/\/miranda-ummels.com\/de\/#\/schema\/person\/image\/\",\"url\":\"http:\/\/localhost\/miranda\/wp-content\/uploads\/2022\/08\/miranda_bio.png\",\"contentUrl\":\"http:\/\/localhost\/miranda\/wp-content\/uploads\/2022\/08\/miranda_bio.png\",\"width\":629,\"height\":526,\"caption\":\"Miranda Ummels\"},\"logo\":{\"@id\":\"https:\/\/miranda-ummels.com\/de\/#\/schema\/person\/image\/\"},\"sameAs\":[\"https:\/\/www.facebook.com\/miranda.ummels\",\"https:\/\/www.instagram.com\/mirandaummels\"]}]}<\/script>\n<!-- \/ Yoast SEO plugin. -->","yoast_head_json":{"title":"Bio - Miranda","description":"Miranda wurde in Maastricht geboren und ist mit Musik aufgewachsen. Wenn sie \u00fcber Musik spricht, bekommt sie leuchtende Augen.","robots":{"index":"index","follow":"follow","max-snippet":"max-snippet:-1","max-image-preview":"max-image-preview:large","max-video-preview":"max-video-preview:-1"},"canonical":"https:\/\/miranda-ummels.com\/de\/bio\/","og_locale":"de_DE","og_type":"article","og_title":"Bio - Miranda","og_description":"Miranda wurde in Maastricht geboren und ist mit Musik aufgewachsen. Wenn sie \u00fcber Musik spricht, bekommt sie leuchtende Augen.","og_url":"https:\/\/miranda-ummels.com\/de\/bio\/","og_site_name":"Miranda","article_publisher":"https:\/\/www.facebook.com\/miranda.ummels","article_modified_time":"2022-10-06T18:33:01+00:00","twitter_card":"summary_large_image","twitter_misc":{"Gesch\u00e4tzte Lesezeit":"2 Minuten"},"schema":{"@context":"https:\/\/schema.org","@graph":[{"@type":"WebPage","@id":"https:\/\/miranda-ummels.com\/de\/bio\/","url":"https:\/\/miranda-ummels.com\/de\/bio\/","name":"Bio - Miranda","isPartOf":{"@id":"https:\/\/miranda-ummels.com\/de\/#website"},"datePublished":"2022-08-23T10:30:55+00:00","dateModified":"2022-10-06T18:33:01+00:00","description":"Miranda wurde in Maastricht geboren und ist mit Musik aufgewachsen. Wenn sie \u00fcber Musik spricht, bekommt sie leuchtende Augen.","breadcrumb":{"@id":"https:\/\/miranda-ummels.com\/de\/bio\/#breadcrumb"},"inLanguage":"de-DE","potentialAction":[{"@type":"ReadAction","target":["https:\/\/miranda-ummels.com\/de\/bio\/"]}]},{"@type":"BreadcrumbList","@id":"https:\/\/miranda-ummels.com\/de\/bio\/#breadcrumb","itemListElement":[{"@type":"ListItem","position":1,"name":"Home","item":"https:\/\/miranda-ummels.com\/de\/"},{"@type":"ListItem","position":2,"name":"Bio"}]},{"@type":"WebSite","@id":"https:\/\/miranda-ummels.com\/de\/#website","url":"https:\/\/miranda-ummels.com\/de\/","name":"Miranda","description":"Lassen Sie Live-Musik zu Ihrem Highlight werden","publisher":{"@id":"https:\/\/miranda-ummels.com\/de\/#\/schema\/person\/39edd93da7aff7dc61dc5e79c582451e"},"potentialAction":[{"@type":"SearchAction","target":{"@type":"EntryPoint","urlTemplate":"https:\/\/miranda-ummels.com\/de\/?s={search_term_string}"},"query-input":"required name=search_term_string"}],"inLanguage":"de-DE"},{"@type":["Person","Organization"],"@id":"https:\/\/miranda-ummels.com\/de\/#\/schema\/person\/39edd93da7aff7dc61dc5e79c582451e","name":"Miranda Ummels","image":{"@type":"ImageObject","inLanguage":"de-DE","@id":"https:\/\/miranda-ummels.com\/de\/#\/schema\/person\/image\/","url":"http:\/\/localhost\/miranda\/wp-content\/uploads\/2022\/08\/miranda_bio.png","contentUrl":"http:\/\/localhost\/miranda\/wp-content\/uploads\/2022\/08\/miranda_bio.png","width":629,"height":526,"caption":"Miranda Ummels"},"logo":{"@id":"https:\/\/miranda-ummels.com\/de\/#\/schema\/person\/image\/"},"sameAs":["https:\/\/www.facebook.com\/miranda.ummels","https:\/\/www.instagram.com\/mirandaummels"]}]}},"_links":{"self":[{"href":"https:\/\/miranda-ummels.com\/de\/wp-json\/wp\/v2\/pages\/446"}],"collection":[{"href":"https:\/\/miranda-ummels.com\/de\/wp-json\/wp\/v2\/pages"}],"about":[{"href":"https:\/\/miranda-ummels.com\/de\/wp-json\/wp\/v2\/types\/page"}],"author":[{"embeddable":true,"href":"https:\/\/miranda-ummels.com\/de\/wp-json\/wp\/v2\/users\/1"}],"replies":[{"embeddable":true,"href":"https:\/\/miranda-ummels.com\/de\/wp-json\/wp\/v2\/comments?post=446"}],"version-history":[{"count":9,"href":"https:\/\/miranda-ummels.com\/de\/wp-json\/wp\/v2\/pages\/446\/revisions"}],"predecessor-version":[{"id":558,"href":"https:\/\/miranda-ummels.com\/de\/wp-json\/wp\/v2\/pages\/446\/revisions\/558"}],"wp:attachment":[{"href":"https:\/\/miranda-ummels.com\/de\/wp-json\/wp\/v2\/media?parent=446"}],"wp:term":[{"taxonomy":"folder","embeddable":true,"href":"https:\/\/miranda-ummels.com\/de\/wp-json\/wp\/v2\/folder?post=446"}],"curies":[{"name":"wp","href":"https:\/\/api.w.org\/{rel}","templated":true}]}}