{"id":521,"date":"2022-08-23T12:36:13","date_gmt":"2022-08-23T10:36:13","guid":{"rendered":"https:\/\/miranda-staging.movingfries.com\/projekte\/"},"modified":"2022-10-06T20:36:09","modified_gmt":"2022-10-06T18:36:09","slug":"projekte","status":"publish","type":"page","link":"https:\/\/miranda-ummels.com\/de\/projekte\/","title":{"rendered":"Projekte"},"content":{"rendered":"\n<h1>Musik, gute Laune, Lachen, Austausch<\/h1>\n\n<p>Miranda ist dem, was sie aufgebaut hat, treu geblieben, aber gleichzeitig immer offen f\u00fcr neue Horizonte, die sie bereichern. In der Tiefe ihrer Pers\u00f6nlichkeit findet man diese spontane Art, sich immer wieder neu zu erfinden. Alles ist f\u00fcr sie eine Herausforderung und ein Grund, sich mit derselben Frische und dem Besten, was sie zu bieten hat, selbst zu \u00fcbertreffen. Sie ist eine Pers\u00f6nlichkeit, die \u00fcberall die Gabe hat, hochwertige Bekanntschaften zu machen. Das gilt sowohl f\u00fcr ihr t\u00e4gliches Leben als auch f\u00fcr den k\u00fcnstlerischen Bereich, wo sie \u00fcber ein gro\u00dfes Netzwerk an Bekannten und echten, leidenschaftlichen Freunden verf\u00fcgt.<\/p>\n\n<p>Sie lebt, was sie anbietet &#8230;<\/p>\n\n<p>Und so ist Miranda mit ihren tausend Facetten, die jeder gerne kennenlernt, um sie singen zu h\u00f6ren und um der Freundschaft willen.<\/p>\n","protected":false},"excerpt":{"rendered":"<p>Musik, gute Laune, Lachen, Austausch Miranda ist dem, was sie aufgebaut hat, treu geblieben, aber gleichzeitig immer offen f\u00fcr neue Horizonte, die sie bereichern. In der Tiefe ihrer Pers\u00f6nlichkeit findet man diese spontane Art, sich immer wieder neu zu erfinden. Alles ist f\u00fcr sie eine Herausforderung und ein Grund, sich mit derselben Frische und dem [&hellip;]<\/p>\n","protected":false},"author":1,"featured_media":0,"parent":0,"menu_order":0,"comment_status":"closed","ping_status":"closed","template":"template-parts\/page-projects.php","meta":[],"folder":[],"acf":[],"yoast_head":"<!-- This site is optimized with the Yoast SEO plugin v19.9 - https:\/\/yoast.com\/wordpress\/plugins\/seo\/ -->\n<title>Projekte - Miranda<\/title>\n<meta name=\"description\" content=\"Musik, gute Laune, Lachen, Austausch. Entdecken Sie die Projekte von Miranda Ummels.\" \/>\n<meta name=\"robots\" content=\"index, follow, max-snippet:-1, max-image-preview:large, max-video-preview:-1\" \/>\n<link rel=\"canonical\" href=\"https:\/\/miranda-ummels.com\/de\/projekte\/\" \/>\n<meta property=\"og:locale\" content=\"de_DE\" \/>\n<meta property=\"og:type\" content=\"article\" \/>\n<meta property=\"og:title\" content=\"Projekte - Miranda\" \/>\n<meta property=\"og:description\" content=\"Musik, gute Laune, Lachen, Austausch. Entdecken Sie die Projekte von Miranda Ummels.\" \/>\n<meta property=\"og:url\" content=\"https:\/\/miranda-ummels.com\/de\/projekte\/\" \/>\n<meta property=\"og:site_name\" content=\"Miranda\" \/>\n<meta property=\"article:publisher\" content=\"https:\/\/www.facebook.com\/miranda.ummels\" \/>\n<meta property=\"article:modified_time\" content=\"2022-10-06T18:36:09+00:00\" \/>\n<meta name=\"twitter:card\" content=\"summary_large_image\" \/>\n<meta name=\"twitter:label1\" content=\"Gesch\u00e4tzte Lesezeit\" \/>\n\t<meta name=\"twitter:data1\" content=\"1 Minute\" \/>\n<script type=\"application\/ld+json\" class=\"yoast-schema-graph\">{\"@context\":\"https:\/\/schema.org\",\"@graph\":[{\"@type\":\"WebPage\",\"@id\":\"https:\/\/miranda-ummels.com\/de\/projekte\/\",\"url\":\"https:\/\/miranda-ummels.com\/de\/projekte\/\",\"name\":\"Projekte - Miranda\",\"isPartOf\":{\"@id\":\"https:\/\/miranda-ummels.com\/de\/#website\"},\"datePublished\":\"2022-08-23T10:36:13+00:00\",\"dateModified\":\"2022-10-06T18:36:09+00:00\",\"description\":\"Musik, gute Laune, Lachen, Austausch. Entdecken Sie die Projekte von Miranda Ummels.\",\"breadcrumb\":{\"@id\":\"https:\/\/miranda-ummels.com\/de\/projekte\/#breadcrumb\"},\"inLanguage\":\"de-DE\",\"potentialAction\":[{\"@type\":\"ReadAction\",\"target\":[\"https:\/\/miranda-ummels.com\/de\/projekte\/\"]}]},{\"@type\":\"BreadcrumbList\",\"@id\":\"https:\/\/miranda-ummels.com\/de\/projekte\/#breadcrumb\",\"itemListElement\":[{\"@type\":\"ListItem\",\"position\":1,\"name\":\"Home\",\"item\":\"https:\/\/miranda-ummels.com\/de\/\"},{\"@type\":\"ListItem\",\"position\":2,\"name\":\"Projekte\"}]},{\"@type\":\"WebSite\",\"@id\":\"https:\/\/miranda-ummels.com\/de\/#website\",\"url\":\"https:\/\/miranda-ummels.com\/de\/\",\"name\":\"Miranda\",\"description\":\"Lassen Sie Live-Musik zu Ihrem Highlight werden\",\"publisher\":{\"@id\":\"https:\/\/miranda-ummels.com\/de\/#\/schema\/person\/39edd93da7aff7dc61dc5e79c582451e\"},\"potentialAction\":[{\"@type\":\"SearchAction\",\"target\":{\"@type\":\"EntryPoint\",\"urlTemplate\":\"https:\/\/miranda-ummels.com\/de\/?s={search_term_string}\"},\"query-input\":\"required name=search_term_string\"}],\"inLanguage\":\"de-DE\"},{\"@type\":[\"Person\",\"Organization\"],\"@id\":\"https:\/\/miranda-ummels.com\/de\/#\/schema\/person\/39edd93da7aff7dc61dc5e79c582451e\",\"name\":\"Miranda Ummels\",\"image\":{\"@type\":\"ImageObject\",\"inLanguage\":\"de-DE\",\"@id\":\"https:\/\/miranda-ummels.com\/de\/#\/schema\/person\/image\/\",\"url\":\"http:\/\/localhost\/miranda\/wp-content\/uploads\/2022\/08\/miranda_bio.png\",\"contentUrl\":\"http:\/\/localhost\/miranda\/wp-content\/uploads\/2022\/08\/miranda_bio.png\",\"width\":629,\"height\":526,\"caption\":\"Miranda Ummels\"},\"logo\":{\"@id\":\"https:\/\/miranda-ummels.com\/de\/#\/schema\/person\/image\/\"},\"sameAs\":[\"https:\/\/www.facebook.com\/miranda.ummels\",\"https:\/\/www.instagram.com\/mirandaummels\"]}]}<\/script>\n<!-- \/ Yoast SEO plugin. -->","yoast_head_json":{"title":"Projekte - Miranda","description":"Musik, gute Laune, Lachen, Austausch. Entdecken Sie die Projekte von Miranda Ummels.","robots":{"index":"index","follow":"follow","max-snippet":"max-snippet:-1","max-image-preview":"max-image-preview:large","max-video-preview":"max-video-preview:-1"},"canonical":"https:\/\/miranda-ummels.com\/de\/projekte\/","og_locale":"de_DE","og_type":"article","og_title":"Projekte - Miranda","og_description":"Musik, gute Laune, Lachen, Austausch. Entdecken Sie die Projekte von Miranda Ummels.","og_url":"https:\/\/miranda-ummels.com\/de\/projekte\/","og_site_name":"Miranda","article_publisher":"https:\/\/www.facebook.com\/miranda.ummels","article_modified_time":"2022-10-06T18:36:09+00:00","twitter_card":"summary_large_image","twitter_misc":{"Gesch\u00e4tzte Lesezeit":"1 Minute"},"schema":{"@context":"https:\/\/schema.org","@graph":[{"@type":"WebPage","@id":"https:\/\/miranda-ummels.com\/de\/projekte\/","url":"https:\/\/miranda-ummels.com\/de\/projekte\/","name":"Projekte - Miranda","isPartOf":{"@id":"https:\/\/miranda-ummels.com\/de\/#website"},"datePublished":"2022-08-23T10:36:13+00:00","dateModified":"2022-10-06T18:36:09+00:00","description":"Musik, gute Laune, Lachen, Austausch. Entdecken Sie die Projekte von Miranda Ummels.","breadcrumb":{"@id":"https:\/\/miranda-ummels.com\/de\/projekte\/#breadcrumb"},"inLanguage":"de-DE","potentialAction":[{"@type":"ReadAction","target":["https:\/\/miranda-ummels.com\/de\/projekte\/"]}]},{"@type":"BreadcrumbList","@id":"https:\/\/miranda-ummels.com\/de\/projekte\/#breadcrumb","itemListElement":[{"@type":"ListItem","position":1,"name":"Home","item":"https:\/\/miranda-ummels.com\/de\/"},{"@type":"ListItem","position":2,"name":"Projekte"}]},{"@type":"WebSite","@id":"https:\/\/miranda-ummels.com\/de\/#website","url":"https:\/\/miranda-ummels.com\/de\/","name":"Miranda","description":"Lassen Sie Live-Musik zu Ihrem Highlight werden","publisher":{"@id":"https:\/\/miranda-ummels.com\/de\/#\/schema\/person\/39edd93da7aff7dc61dc5e79c582451e"},"potentialAction":[{"@type":"SearchAction","target":{"@type":"EntryPoint","urlTemplate":"https:\/\/miranda-ummels.com\/de\/?s={search_term_string}"},"query-input":"required name=search_term_string"}],"inLanguage":"de-DE"},{"@type":["Person","Organization"],"@id":"https:\/\/miranda-ummels.com\/de\/#\/schema\/person\/39edd93da7aff7dc61dc5e79c582451e","name":"Miranda Ummels","image":{"@type":"ImageObject","inLanguage":"de-DE","@id":"https:\/\/miranda-ummels.com\/de\/#\/schema\/person\/image\/","url":"http:\/\/localhost\/miranda\/wp-content\/uploads\/2022\/08\/miranda_bio.png","contentUrl":"http:\/\/localhost\/miranda\/wp-content\/uploads\/2022\/08\/miranda_bio.png","width":629,"height":526,"caption":"Miranda Ummels"},"logo":{"@id":"https:\/\/miranda-ummels.com\/de\/#\/schema\/person\/image\/"},"sameAs":["https:\/\/www.facebook.com\/miranda.ummels","https:\/\/www.instagram.com\/mirandaummels"]}]}},"_links":{"self":[{"href":"https:\/\/miranda-ummels.com\/de\/wp-json\/wp\/v2\/pages\/521"}],"collection":[{"href":"https:\/\/miranda-ummels.com\/de\/wp-json\/wp\/v2\/pages"}],"about":[{"href":"https:\/\/miranda-ummels.com\/de\/wp-json\/wp\/v2\/types\/page"}],"author":[{"embeddable":true,"href":"https:\/\/miranda-ummels.com\/de\/wp-json\/wp\/v2\/users\/1"}],"replies":[{"embeddable":true,"href":"https:\/\/miranda-ummels.com\/de\/wp-json\/wp\/v2\/comments?post=521"}],"version-history":[{"count":3,"href":"https:\/\/miranda-ummels.com\/de\/wp-json\/wp\/v2\/pages\/521\/revisions"}],"predecessor-version":[{"id":560,"href":"https:\/\/miranda-ummels.com\/de\/wp-json\/wp\/v2\/pages\/521\/revisions\/560"}],"wp:attachment":[{"href":"https:\/\/miranda-ummels.com\/de\/wp-json\/wp\/v2\/media?parent=521"}],"wp:term":[{"taxonomy":"folder","embeddable":true,"href":"https:\/\/miranda-ummels.com\/de\/wp-json\/wp\/v2\/folder?post=521"}],"curies":[{"name":"wp","href":"https:\/\/api.w.org\/{rel}","templated":true}]}}