{"id":129,"date":"2022-08-23T12:30:55","date_gmt":"2022-08-23T10:30:55","guid":{"rendered":"http:\/\/localhost\/miranda\/bio\/"},"modified":"2022-09-27T16:06:26","modified_gmt":"2022-09-27T14:06:26","slug":"bio","status":"publish","type":"page","link":"https:\/\/miranda-ummels.com\/fr\/bio\/","title":{"rendered":"Bio"},"content":{"rendered":"\n<h1>La naissance d&rsquo;une passion<\/h1>\n\n<p>N\u00e9e \u00e0 Maastricht, Miranda a grandi avec la musique, quand elle parle de la musique, elle a les yeux qui brillent.<\/p>\n\n<p>C\u2019est de son p\u00e8re, chanteur-musicien, qui lui vient cette passion. Et cette passion d\u00e9vorante devient toute sa vie. Rock, pop, country, blues, soul\u2026.lui ont permis de rencontrer un public vari\u00e9 lors de nombreuses tourn\u00e9es.<\/p>\n\n<p>A l\u2019\u00e2ge de 17 ans elle rejoint un groupe pop-rock. Parall\u00e8lement elle prend des cours de chant par un professeur de chant lyrique pour \u00e9coler tout son registre de voix et suit des cours de piano.<\/p>\n\n<p>Tr\u00e8s vite, pouss\u00e9e par une r\u00e9elle passion, elle commence \u00e0 faire des premi\u00e8res sc\u00e8nes en Belgique mais bient\u00f4t aussi en Allemagne et dans d\u2019autres pays voisins.<\/p>\n\n<p>A l\u2019\u00e2ge de 23 ans elle fait une tourn\u00e9e en Suisse avec Atilla Sereftug, l\u2019auteur-compositeur de la chanson gagnante de l\u2019eurovision en 1988 chant\u00e9e par C\u00e9line Dion, \u2018Ne partez pas sans moi\u2019. Atilla enregistre lui-m\u00eame un album et demande \u00e0 Miranda d\u2019y faire les choeurs.<\/p>\n\n<p>Ensuite, pendant 10 ans elle reste fid\u00e8le \u00e0 son groupe High Voltage avec laquelle elle passera en revue les grands standards de la pop, la soul, le rock, le disco ou encore le funk.<\/p>\n\n<p>En 2003, elle quitte le groupe pour se lancer comme chanteuse free-lance et pr\u00eate sa voix \u00e0 des duos, trios, mais aussi des bands beaucoup plus grands, en Allemagne et aux Pays-Bas.<\/p>\n\n<p>Trois ans plus tard elle rejoint son groupe Nightlife d\u00e9j\u00e0 bien connu en Allemagne, avec lequel elle travaille toujours.<\/p>\n\n<h1>Aujourd&rsquo;hui<\/h1>\n\n<p>Maintenant elle va d\u00e9sormais \u00e9galement vers un projet solo. L\u00e0 on peut la d\u00e9couvrir plus personnellement et au travers de reprises qu\u2019elle rend vivantes jusqu\u2019\u00e0 les confondre avec les originales.<\/p>\n\n<p>L\u2019id\u00e9e de se glisser dans la peau des chanteuses tr\u00e8s connu est venu assurer le look et gr\u00e2ce \u00e0 son large registre de voix, elle interpr\u00e8te des chanteuses comme Tina Turner, Amy Winehouse, Lady Gaga (stimul\u00e9e par le film A star is born) avec une \u00e9nergie d\u00e9bordante. L\u2019\u00e9nergie qu\u2019il faut !<\/p>\n\n<p>Elle reste \u00e9galement influenc\u00e9e par d\u2019autres courants avec celui de Dalida plus r\u00e9cemment, dont le r\u00e9pertoire l\u2019autorise \u00e0 explorer d\u2019autres mondes musicaux encore et o\u00f9 r\u00e9sonne \u00e9galement son ouverture aux langues latines et aux registre plus intimistes.<\/p>\n\n<p>Un voyage sur la gamme des \u00e9motions, une \u00e9nergie hors du commun qui donne a toutes les chansons qu\u2019elle interpr\u00e8te, Miranda offre \u00e0 la musique, une nouvelle couleur. D\u2019une note \u00e0 l\u2019autre, sa voix chaude et puissante colore les standards et les hits qu\u2019elle partage avec un public conquis d\u2019avance\u2026.<\/p>\n\n<p>Son r\u00e9pertoire compte plusieurs centaines de titres.<\/p>\n\n<p>Elle donne \u00e0 chacune de ses chansons sans exception une nouvelle personnalit\u00e9, la sienne sans aucun doute! Un peu, beaucoup, passionn\u00e9ment\u2026<\/p>\n<div id=\"testimonial-block_6304ed715bdb0\" class=\"testimonial\">\r\n    \r\n    <div class=\"container\">\r\n        <div class=\"testimonial-image\">\r\n            <img width=\"629\" height=\"526\" src=\"https:\/\/miranda-ummels.com\/wp-content\/uploads\/2022\/08\/miranda_bio.png\" class=\"attachment-full size-full\" alt=\"\" decoding=\"async\" loading=\"lazy\" srcset=\"https:\/\/miranda-ummels.com\/wp-content\/uploads\/2022\/08\/miranda_bio.png 629w, https:\/\/miranda-ummels.com\/wp-content\/uploads\/2022\/08\/miranda_bio-300x251.png 300w\" sizes=\"(max-width: 629px) 100vw, 629px\" \/>        <\/div>\r\n\r\n        <blockquote class=\"testimonial-blockquote\">\r\n            <span class=\"testimonial-text\">Sur sc\u00e8ne, je suis dans mon \u00e9l\u00e9ment, le chant refl\u00e8te ton \u00e9tat d\u2019am\u00e9 et elle l\u2019a nettoie aux m\u00eame temps. C\u2019est une des meilleures th\u00e9rapie pour se ressourcer. Beaucoup plus tard, j&rsquo;ai d\u00e9couvert que la sc\u00e8ne est ma refuge, la, o\u00f9 je peux me lib\u00e9rer de tous les fardeaux, o\u00f9 je peux \u00eatre moi, m&rsquo;exprimer, o\u00f9 mes sentiments les plus profonds sortent sous forme de chanson.<br \/>\r\n<br \/>\r\nLa musique est ma vie, et j\u2019adore partage ce bonheur avec les autres. <\/span>\r\n        <\/blockquote>\r\n    <\/div>\r\n\r\n    <style type=\"text\/css\">\r\n        #testimonial-block_6304ed715bdb0 {\r\n            background: ;\r\n            color: ;\r\n        }\r\n    <\/style>\r\n<\/div>","protected":false},"excerpt":{"rendered":"<p>La naissance d&rsquo;une passion N\u00e9e \u00e0 Maastricht, Miranda a grandi avec la musique, quand elle parle de la musique, elle a les yeux qui brillent. C\u2019est de son p\u00e8re, chanteur-musicien, qui lui vient cette passion. Et cette passion d\u00e9vorante devient toute sa vie. Rock, pop, country, blues, soul\u2026.lui ont permis de rencontrer un public vari\u00e9 [&hellip;]<\/p>\n","protected":false},"author":1,"featured_media":0,"parent":0,"menu_order":0,"comment_status":"closed","ping_status":"closed","template":"","meta":[],"folder":[],"acf":[],"yoast_head":"<!-- This site is optimized with the Yoast SEO plugin v19.9 - https:\/\/yoast.com\/wordpress\/plugins\/seo\/ -->\n<title>Bio - Miranda Ummels<\/title>\n<meta name=\"description\" content=\"N\u00e9e \u00e0 Maastricht, Miranda a grandi avec la musique, quand elle parle de la musique, elle a les yeux qui brillent.\" \/>\n<meta name=\"robots\" content=\"index, follow, max-snippet:-1, max-image-preview:large, max-video-preview:-1\" \/>\n<link rel=\"canonical\" href=\"https:\/\/miranda-ummels.com\/fr\/bio\/\" \/>\n<meta property=\"og:locale\" content=\"fr_FR\" \/>\n<meta property=\"og:type\" content=\"article\" \/>\n<meta property=\"og:title\" content=\"Bio - Miranda Ummels\" \/>\n<meta property=\"og:description\" content=\"N\u00e9e \u00e0 Maastricht, Miranda a grandi avec la musique, quand elle parle de la musique, elle a les yeux qui brillent.\" \/>\n<meta property=\"og:url\" content=\"https:\/\/miranda-ummels.com\/fr\/bio\/\" \/>\n<meta property=\"og:site_name\" content=\"Miranda Ummels\" \/>\n<meta property=\"article:publisher\" content=\"https:\/\/www.facebook.com\/miranda.ummels\" \/>\n<meta property=\"article:modified_time\" content=\"2022-09-27T14:06:26+00:00\" \/>\n<meta name=\"twitter:card\" content=\"summary_large_image\" \/>\n<meta name=\"twitter:label1\" content=\"Dur\u00e9e de lecture estim\u00e9e\" \/>\n\t<meta name=\"twitter:data1\" content=\"2 minutes\" \/>\n<script type=\"application\/ld+json\" class=\"yoast-schema-graph\">{\"@context\":\"https:\/\/schema.org\",\"@graph\":[{\"@type\":\"WebPage\",\"@id\":\"https:\/\/miranda-ummels.com\/fr\/bio\/\",\"url\":\"https:\/\/miranda-ummels.com\/fr\/bio\/\",\"name\":\"Bio - Miranda Ummels\",\"isPartOf\":{\"@id\":\"https:\/\/miranda-ummels.com\/fr\/#website\"},\"datePublished\":\"2022-08-23T10:30:55+00:00\",\"dateModified\":\"2022-09-27T14:06:26+00:00\",\"description\":\"N\u00e9e \u00e0 Maastricht, Miranda a grandi avec la musique, quand elle parle de la musique, elle a les yeux qui brillent.\",\"breadcrumb\":{\"@id\":\"https:\/\/miranda-ummels.com\/fr\/bio\/#breadcrumb\"},\"inLanguage\":\"fr-FR\",\"potentialAction\":[{\"@type\":\"ReadAction\",\"target\":[\"https:\/\/miranda-ummels.com\/fr\/bio\/\"]}]},{\"@type\":\"BreadcrumbList\",\"@id\":\"https:\/\/miranda-ummels.com\/fr\/bio\/#breadcrumb\",\"itemListElement\":[{\"@type\":\"ListItem\",\"position\":1,\"name\":\"Home\",\"item\":\"https:\/\/miranda-ummels.com\/fr\/\"},{\"@type\":\"ListItem\",\"position\":2,\"name\":\"Bio\"}]},{\"@type\":\"WebSite\",\"@id\":\"https:\/\/miranda-ummels.com\/fr\/#website\",\"url\":\"https:\/\/miranda-ummels.com\/fr\/\",\"name\":\"Miranda Ummels\",\"description\":\"Faites de la musique Live votre atout\",\"publisher\":{\"@id\":\"https:\/\/miranda-ummels.com\/fr\/#\/schema\/person\/39edd93da7aff7dc61dc5e79c582451e\"},\"potentialAction\":[{\"@type\":\"SearchAction\",\"target\":{\"@type\":\"EntryPoint\",\"urlTemplate\":\"https:\/\/miranda-ummels.com\/fr\/?s={search_term_string}\"},\"query-input\":\"required name=search_term_string\"}],\"inLanguage\":\"fr-FR\"},{\"@type\":[\"Person\",\"Organization\"],\"@id\":\"https:\/\/miranda-ummels.com\/fr\/#\/schema\/person\/39edd93da7aff7dc61dc5e79c582451e\",\"name\":\"Miranda Ummels\",\"image\":{\"@type\":\"ImageObject\",\"inLanguage\":\"fr-FR\",\"@id\":\"https:\/\/miranda-ummels.com\/fr\/#\/schema\/person\/image\/\",\"url\":\"http:\/\/localhost\/miranda\/wp-content\/uploads\/2022\/08\/miranda_bio.png\",\"contentUrl\":\"http:\/\/localhost\/miranda\/wp-content\/uploads\/2022\/08\/miranda_bio.png\",\"width\":629,\"height\":526,\"caption\":\"Miranda Ummels\"},\"logo\":{\"@id\":\"https:\/\/miranda-ummels.com\/fr\/#\/schema\/person\/image\/\"},\"sameAs\":[\"https:\/\/www.facebook.com\/miranda.ummels\",\"https:\/\/www.instagram.com\/mirandaummels\"]}]}<\/script>\n<!-- \/ Yoast SEO plugin. -->","yoast_head_json":{"title":"Bio - Miranda Ummels","description":"N\u00e9e \u00e0 Maastricht, Miranda a grandi avec la musique, quand elle parle de la musique, elle a les yeux qui brillent.","robots":{"index":"index","follow":"follow","max-snippet":"max-snippet:-1","max-image-preview":"max-image-preview:large","max-video-preview":"max-video-preview:-1"},"canonical":"https:\/\/miranda-ummels.com\/fr\/bio\/","og_locale":"fr_FR","og_type":"article","og_title":"Bio - Miranda Ummels","og_description":"N\u00e9e \u00e0 Maastricht, Miranda a grandi avec la musique, quand elle parle de la musique, elle a les yeux qui brillent.","og_url":"https:\/\/miranda-ummels.com\/fr\/bio\/","og_site_name":"Miranda Ummels","article_publisher":"https:\/\/www.facebook.com\/miranda.ummels","article_modified_time":"2022-09-27T14:06:26+00:00","twitter_card":"summary_large_image","twitter_misc":{"Dur\u00e9e de lecture estim\u00e9e":"2 minutes"},"schema":{"@context":"https:\/\/schema.org","@graph":[{"@type":"WebPage","@id":"https:\/\/miranda-ummels.com\/fr\/bio\/","url":"https:\/\/miranda-ummels.com\/fr\/bio\/","name":"Bio - Miranda Ummels","isPartOf":{"@id":"https:\/\/miranda-ummels.com\/fr\/#website"},"datePublished":"2022-08-23T10:30:55+00:00","dateModified":"2022-09-27T14:06:26+00:00","description":"N\u00e9e \u00e0 Maastricht, Miranda a grandi avec la musique, quand elle parle de la musique, elle a les yeux qui brillent.","breadcrumb":{"@id":"https:\/\/miranda-ummels.com\/fr\/bio\/#breadcrumb"},"inLanguage":"fr-FR","potentialAction":[{"@type":"ReadAction","target":["https:\/\/miranda-ummels.com\/fr\/bio\/"]}]},{"@type":"BreadcrumbList","@id":"https:\/\/miranda-ummels.com\/fr\/bio\/#breadcrumb","itemListElement":[{"@type":"ListItem","position":1,"name":"Home","item":"https:\/\/miranda-ummels.com\/fr\/"},{"@type":"ListItem","position":2,"name":"Bio"}]},{"@type":"WebSite","@id":"https:\/\/miranda-ummels.com\/fr\/#website","url":"https:\/\/miranda-ummels.com\/fr\/","name":"Miranda Ummels","description":"Faites de la musique Live votre atout","publisher":{"@id":"https:\/\/miranda-ummels.com\/fr\/#\/schema\/person\/39edd93da7aff7dc61dc5e79c582451e"},"potentialAction":[{"@type":"SearchAction","target":{"@type":"EntryPoint","urlTemplate":"https:\/\/miranda-ummels.com\/fr\/?s={search_term_string}"},"query-input":"required name=search_term_string"}],"inLanguage":"fr-FR"},{"@type":["Person","Organization"],"@id":"https:\/\/miranda-ummels.com\/fr\/#\/schema\/person\/39edd93da7aff7dc61dc5e79c582451e","name":"Miranda Ummels","image":{"@type":"ImageObject","inLanguage":"fr-FR","@id":"https:\/\/miranda-ummels.com\/fr\/#\/schema\/person\/image\/","url":"http:\/\/localhost\/miranda\/wp-content\/uploads\/2022\/08\/miranda_bio.png","contentUrl":"http:\/\/localhost\/miranda\/wp-content\/uploads\/2022\/08\/miranda_bio.png","width":629,"height":526,"caption":"Miranda Ummels"},"logo":{"@id":"https:\/\/miranda-ummels.com\/fr\/#\/schema\/person\/image\/"},"sameAs":["https:\/\/www.facebook.com\/miranda.ummels","https:\/\/www.instagram.com\/mirandaummels"]}]}},"_links":{"self":[{"href":"https:\/\/miranda-ummels.com\/fr\/wp-json\/wp\/v2\/pages\/129"}],"collection":[{"href":"https:\/\/miranda-ummels.com\/fr\/wp-json\/wp\/v2\/pages"}],"about":[{"href":"https:\/\/miranda-ummels.com\/fr\/wp-json\/wp\/v2\/types\/page"}],"author":[{"embeddable":true,"href":"https:\/\/miranda-ummels.com\/fr\/wp-json\/wp\/v2\/users\/1"}],"replies":[{"embeddable":true,"href":"https:\/\/miranda-ummels.com\/fr\/wp-json\/wp\/v2\/comments?post=129"}],"version-history":[{"count":7,"href":"https:\/\/miranda-ummels.com\/fr\/wp-json\/wp\/v2\/pages\/129\/revisions"}],"predecessor-version":[{"id":533,"href":"https:\/\/miranda-ummels.com\/fr\/wp-json\/wp\/v2\/pages\/129\/revisions\/533"}],"wp:attachment":[{"href":"https:\/\/miranda-ummels.com\/fr\/wp-json\/wp\/v2\/media?parent=129"}],"wp:term":[{"taxonomy":"folder","embeddable":true,"href":"https:\/\/miranda-ummels.com\/fr\/wp-json\/wp\/v2\/folder?post=129"}],"curies":[{"name":"wp","href":"https:\/\/api.w.org\/{rel}","templated":true}]}}