{"id":517,"date":"2022-08-23T12:36:13","date_gmt":"2022-08-23T10:36:13","guid":{"rendered":"https:\/\/miranda-staging.movingfries.com\/projets\/"},"modified":"2022-09-27T15:40:05","modified_gmt":"2022-09-27T13:40:05","slug":"projets","status":"publish","type":"page","link":"https:\/\/miranda-ummels.com\/fr\/projets\/","title":{"rendered":"Projets"},"content":{"rendered":"\n<h1>Musique, bonne humeur, rires, partage<\/h1>\n\n<p>Miranda est \u00e0 la fois fid\u00e8le \u00e0 ce qui l\u2019a construite mais sans cesse ouverte \u00e0 d\u2019autres horizons qui l\u2019enrichissent! C\u2019est dans la profondeur de cette personnalit\u00e9 que l\u2019on retrouve cette fa\u00e7on spontan\u00e9e d\u2019innover sans cesse. Tout est d\u00e9fi pour elle et autant de raisons de se d\u00e9passer avec cette m\u00eame fra\u00eecheur, dans le meilleur d\u2019elle-m\u00eame. C\u2019est une personnalit\u00e9 qui a le don partout de faire des rencontres de qualit\u00e9. Ceci est vrai autant dans sa vie au quotidien que dans le domaine artistique o\u00f9 elle poss\u00e8de un grand r\u00e9seau de connaissances et de r\u00e9els amis passionn\u00e9s.&#13;\n<\/p>\n\n<p>Elle vit ce qu\u2019elle offre \u2026<\/p>\n\n<p>Et telle est Miranda aux mille facettes que chacun aime conna\u00eetre pour l\u2019entendre chanter et pour l\u2019amiti\u00e9.<\/p>\n","protected":false},"excerpt":{"rendered":"<p>Musique, bonne humeur, rires, partage Miranda est \u00e0 la fois fid\u00e8le \u00e0 ce qui l\u2019a construite mais sans cesse ouverte \u00e0 d\u2019autres horizons qui l\u2019enrichissent! C\u2019est dans la profondeur de cette personnalit\u00e9 que l\u2019on retrouve cette fa\u00e7on spontan\u00e9e d\u2019innover sans cesse. Tout est d\u00e9fi pour elle et autant de raisons de se d\u00e9passer avec cette [&hellip;]<\/p>\n","protected":false},"author":1,"featured_media":0,"parent":0,"menu_order":0,"comment_status":"closed","ping_status":"closed","template":"template-parts\/page-projects.php","meta":[],"folder":[],"acf":[],"yoast_head":"<!-- This site is optimized with the Yoast SEO plugin v19.9 - https:\/\/yoast.com\/wordpress\/plugins\/seo\/ -->\n<title>Projets - Miranda Ummels<\/title>\n<meta name=\"description\" content=\"Musique, bonne humeur, rires, partage. D\u00e9couvrez les projets de Miranda Ummels.\" \/>\n<meta name=\"robots\" content=\"index, follow, max-snippet:-1, max-image-preview:large, max-video-preview:-1\" \/>\n<link rel=\"canonical\" href=\"https:\/\/miranda-ummels.com\/fr\/projets\/\" \/>\n<meta property=\"og:locale\" content=\"fr_FR\" \/>\n<meta property=\"og:type\" content=\"article\" \/>\n<meta property=\"og:title\" content=\"Projets - Miranda Ummels\" \/>\n<meta property=\"og:description\" content=\"Musique, bonne humeur, rires, partage. D\u00e9couvrez les projets de Miranda Ummels.\" \/>\n<meta property=\"og:url\" content=\"https:\/\/miranda-ummels.com\/fr\/projets\/\" \/>\n<meta property=\"og:site_name\" content=\"Miranda Ummels\" \/>\n<meta property=\"article:publisher\" content=\"https:\/\/www.facebook.com\/miranda.ummels\" \/>\n<meta property=\"article:modified_time\" content=\"2022-09-27T13:40:05+00:00\" \/>\n<meta name=\"twitter:card\" content=\"summary_large_image\" \/>\n<meta name=\"twitter:label1\" content=\"Dur\u00e9e de lecture estim\u00e9e\" \/>\n\t<meta name=\"twitter:data1\" content=\"1 minute\" \/>\n<script type=\"application\/ld+json\" class=\"yoast-schema-graph\">{\"@context\":\"https:\/\/schema.org\",\"@graph\":[{\"@type\":\"WebPage\",\"@id\":\"https:\/\/miranda-ummels.com\/fr\/projets\/\",\"url\":\"https:\/\/miranda-ummels.com\/fr\/projets\/\",\"name\":\"Projets - Miranda Ummels\",\"isPartOf\":{\"@id\":\"https:\/\/miranda-ummels.com\/fr\/#website\"},\"datePublished\":\"2022-08-23T10:36:13+00:00\",\"dateModified\":\"2022-09-27T13:40:05+00:00\",\"description\":\"Musique, bonne humeur, rires, partage. D\u00e9couvrez les projets de Miranda Ummels.\",\"breadcrumb\":{\"@id\":\"https:\/\/miranda-ummels.com\/fr\/projets\/#breadcrumb\"},\"inLanguage\":\"fr-FR\",\"potentialAction\":[{\"@type\":\"ReadAction\",\"target\":[\"https:\/\/miranda-ummels.com\/fr\/projets\/\"]}]},{\"@type\":\"BreadcrumbList\",\"@id\":\"https:\/\/miranda-ummels.com\/fr\/projets\/#breadcrumb\",\"itemListElement\":[{\"@type\":\"ListItem\",\"position\":1,\"name\":\"Home\",\"item\":\"https:\/\/miranda-ummels.com\/fr\/\"},{\"@type\":\"ListItem\",\"position\":2,\"name\":\"Projets\"}]},{\"@type\":\"WebSite\",\"@id\":\"https:\/\/miranda-ummels.com\/fr\/#website\",\"url\":\"https:\/\/miranda-ummels.com\/fr\/\",\"name\":\"Miranda Ummels\",\"description\":\"Faites de la musique Live votre atout\",\"publisher\":{\"@id\":\"https:\/\/miranda-ummels.com\/fr\/#\/schema\/person\/39edd93da7aff7dc61dc5e79c582451e\"},\"potentialAction\":[{\"@type\":\"SearchAction\",\"target\":{\"@type\":\"EntryPoint\",\"urlTemplate\":\"https:\/\/miranda-ummels.com\/fr\/?s={search_term_string}\"},\"query-input\":\"required name=search_term_string\"}],\"inLanguage\":\"fr-FR\"},{\"@type\":[\"Person\",\"Organization\"],\"@id\":\"https:\/\/miranda-ummels.com\/fr\/#\/schema\/person\/39edd93da7aff7dc61dc5e79c582451e\",\"name\":\"Miranda Ummels\",\"image\":{\"@type\":\"ImageObject\",\"inLanguage\":\"fr-FR\",\"@id\":\"https:\/\/miranda-ummels.com\/fr\/#\/schema\/person\/image\/\",\"url\":\"http:\/\/localhost\/miranda\/wp-content\/uploads\/2022\/08\/miranda_bio.png\",\"contentUrl\":\"http:\/\/localhost\/miranda\/wp-content\/uploads\/2022\/08\/miranda_bio.png\",\"width\":629,\"height\":526,\"caption\":\"Miranda Ummels\"},\"logo\":{\"@id\":\"https:\/\/miranda-ummels.com\/fr\/#\/schema\/person\/image\/\"},\"sameAs\":[\"https:\/\/www.facebook.com\/miranda.ummels\",\"https:\/\/www.instagram.com\/mirandaummels\"]}]}<\/script>\n<!-- \/ Yoast SEO plugin. -->","yoast_head_json":{"title":"Projets - Miranda Ummels","description":"Musique, bonne humeur, rires, partage. D\u00e9couvrez les projets de Miranda Ummels.","robots":{"index":"index","follow":"follow","max-snippet":"max-snippet:-1","max-image-preview":"max-image-preview:large","max-video-preview":"max-video-preview:-1"},"canonical":"https:\/\/miranda-ummels.com\/fr\/projets\/","og_locale":"fr_FR","og_type":"article","og_title":"Projets - Miranda Ummels","og_description":"Musique, bonne humeur, rires, partage. D\u00e9couvrez les projets de Miranda Ummels.","og_url":"https:\/\/miranda-ummels.com\/fr\/projets\/","og_site_name":"Miranda Ummels","article_publisher":"https:\/\/www.facebook.com\/miranda.ummels","article_modified_time":"2022-09-27T13:40:05+00:00","twitter_card":"summary_large_image","twitter_misc":{"Dur\u00e9e de lecture estim\u00e9e":"1 minute"},"schema":{"@context":"https:\/\/schema.org","@graph":[{"@type":"WebPage","@id":"https:\/\/miranda-ummels.com\/fr\/projets\/","url":"https:\/\/miranda-ummels.com\/fr\/projets\/","name":"Projets - Miranda Ummels","isPartOf":{"@id":"https:\/\/miranda-ummels.com\/fr\/#website"},"datePublished":"2022-08-23T10:36:13+00:00","dateModified":"2022-09-27T13:40:05+00:00","description":"Musique, bonne humeur, rires, partage. D\u00e9couvrez les projets de Miranda Ummels.","breadcrumb":{"@id":"https:\/\/miranda-ummels.com\/fr\/projets\/#breadcrumb"},"inLanguage":"fr-FR","potentialAction":[{"@type":"ReadAction","target":["https:\/\/miranda-ummels.com\/fr\/projets\/"]}]},{"@type":"BreadcrumbList","@id":"https:\/\/miranda-ummels.com\/fr\/projets\/#breadcrumb","itemListElement":[{"@type":"ListItem","position":1,"name":"Home","item":"https:\/\/miranda-ummels.com\/fr\/"},{"@type":"ListItem","position":2,"name":"Projets"}]},{"@type":"WebSite","@id":"https:\/\/miranda-ummels.com\/fr\/#website","url":"https:\/\/miranda-ummels.com\/fr\/","name":"Miranda Ummels","description":"Faites de la musique Live votre atout","publisher":{"@id":"https:\/\/miranda-ummels.com\/fr\/#\/schema\/person\/39edd93da7aff7dc61dc5e79c582451e"},"potentialAction":[{"@type":"SearchAction","target":{"@type":"EntryPoint","urlTemplate":"https:\/\/miranda-ummels.com\/fr\/?s={search_term_string}"},"query-input":"required name=search_term_string"}],"inLanguage":"fr-FR"},{"@type":["Person","Organization"],"@id":"https:\/\/miranda-ummels.com\/fr\/#\/schema\/person\/39edd93da7aff7dc61dc5e79c582451e","name":"Miranda Ummels","image":{"@type":"ImageObject","inLanguage":"fr-FR","@id":"https:\/\/miranda-ummels.com\/fr\/#\/schema\/person\/image\/","url":"http:\/\/localhost\/miranda\/wp-content\/uploads\/2022\/08\/miranda_bio.png","contentUrl":"http:\/\/localhost\/miranda\/wp-content\/uploads\/2022\/08\/miranda_bio.png","width":629,"height":526,"caption":"Miranda Ummels"},"logo":{"@id":"https:\/\/miranda-ummels.com\/fr\/#\/schema\/person\/image\/"},"sameAs":["https:\/\/www.facebook.com\/miranda.ummels","https:\/\/www.instagram.com\/mirandaummels"]}]}},"_links":{"self":[{"href":"https:\/\/miranda-ummels.com\/fr\/wp-json\/wp\/v2\/pages\/517"}],"collection":[{"href":"https:\/\/miranda-ummels.com\/fr\/wp-json\/wp\/v2\/pages"}],"about":[{"href":"https:\/\/miranda-ummels.com\/fr\/wp-json\/wp\/v2\/types\/page"}],"author":[{"embeddable":true,"href":"https:\/\/miranda-ummels.com\/fr\/wp-json\/wp\/v2\/users\/1"}],"replies":[{"embeddable":true,"href":"https:\/\/miranda-ummels.com\/fr\/wp-json\/wp\/v2\/comments?post=517"}],"version-history":[{"count":1,"href":"https:\/\/miranda-ummels.com\/fr\/wp-json\/wp\/v2\/pages\/517\/revisions"}],"predecessor-version":[{"id":518,"href":"https:\/\/miranda-ummels.com\/fr\/wp-json\/wp\/v2\/pages\/517\/revisions\/518"}],"wp:attachment":[{"href":"https:\/\/miranda-ummels.com\/fr\/wp-json\/wp\/v2\/media?parent=517"}],"wp:term":[{"taxonomy":"folder","embeddable":true,"href":"https:\/\/miranda-ummels.com\/fr\/wp-json\/wp\/v2\/folder?post=517"}],"curies":[{"name":"wp","href":"https:\/\/api.w.org\/{rel}","templated":true}]}}